{"id":2500,"date":"2020-05-11T12:36:52","date_gmt":"2020-05-11T12:36:52","guid":{"rendered":"https:\/\/calamark.es\/blog\/?page_id=2500"},"modified":"2022-05-17T12:58:05","modified_gmt":"2022-05-17T12:58:05","slug":"informatica-de-ocasion","status":"publish","type":"page","link":"https:\/\/calamark.es\/blog\/informatica-de-ocasion\/","title":{"rendered":"Inform\u00e1tica de ocasi\u00f3n"},"content":{"rendered":"","protected":false},"excerpt":{"rendered":"","protected":false},"author":2,"featured_media":0,"parent":0,"menu_order":0,"comment_status":"open","ping_status":"open","template":"","meta":{"footnotes":""},"class_list":["post-2500","page","type-page","status-publish","hentry"],"yoast_head":"<!-- This site is optimized with the Yoast SEO plugin v15.3 - https:\/\/yoast.com\/wordpress\/plugins\/seo\/ -->\n<title>Inform\u00e1tica de ocasi\u00f3n - Calamark tinta y t\u00f3ner para impresoras<\/title>\n<meta name=\"description\" content=\"Disponemos de una gran variedad de equipos inform\u00e1ticos de ocasi\u00f3n, todos ellos testados y verificados al 100%\" \/>\n<meta name=\"robots\" content=\"index, follow, max-snippet:-1, max-image-preview:large, max-video-preview:-1\" \/>\n<link rel=\"canonical\" href=\"https:\/\/calamark.es\/blog\/informatica-de-ocasion\/\" \/>\n<meta property=\"og:locale\" content=\"es_ES\" \/>\n<meta property=\"og:type\" content=\"article\" \/>\n<meta property=\"og:title\" content=\"Inform\u00e1tica de ocasi\u00f3n - Calamark tinta y t\u00f3ner para impresoras\" \/>\n<meta property=\"og:description\" content=\"Disponemos de una gran variedad de equipos inform\u00e1ticos de ocasi\u00f3n, todos ellos testados y verificados al 100%\" \/>\n<meta property=\"og:url\" content=\"https:\/\/calamark.es\/blog\/informatica-de-ocasion\/\" \/>\n<meta property=\"og:site_name\" content=\"Calamark\" \/>\n<meta property=\"article:modified_time\" content=\"2022-05-17T12:58:05+00:00\" \/>\n<meta name=\"twitter:card\" content=\"summary_large_image\" \/>\n<meta name=\"twitter:label1\" content=\"Escrito por\">\n\t<meta name=\"twitter:data1\" content=\"calamark calamark\">\n<script type=\"application\/ld+json\" class=\"yoast-schema-graph\">{\"@context\":\"https:\/\/schema.org\",\"@graph\":[{\"@type\":\"WebSite\",\"@id\":\"https:\/\/calamark.es\/blog\/#website\",\"url\":\"https:\/\/calamark.es\/blog\/\",\"name\":\"Calamark\",\"description\":\"Suministros, equipos y renting de impresi\\u00f3n\",\"potentialAction\":[{\"@type\":\"SearchAction\",\"target\":\"https:\/\/calamark.es\/blog\/?s={search_term_string}\",\"query-input\":\"required name=search_term_string\"}],\"inLanguage\":\"es\"},{\"@type\":\"WebPage\",\"@id\":\"https:\/\/calamark.es\/blog\/informatica-de-ocasion\/#webpage\",\"url\":\"https:\/\/calamark.es\/blog\/informatica-de-ocasion\/\",\"name\":\"Inform\\u00e1tica de ocasi\\u00f3n - Calamark tinta y t\\u00f3ner para impresoras\",\"isPartOf\":{\"@id\":\"https:\/\/calamark.es\/blog\/#website\"},\"datePublished\":\"2020-05-11T12:36:52+00:00\",\"dateModified\":\"2022-05-17T12:58:05+00:00\",\"description\":\"Disponemos de una gran variedad de equipos inform\\u00e1ticos de ocasi\\u00f3n, todos ellos testados y verificados al 100%\",\"inLanguage\":\"es\",\"potentialAction\":[{\"@type\":\"ReadAction\",\"target\":[\"https:\/\/calamark.es\/blog\/informatica-de-ocasion\/\"]}]}]}<\/script>\n<!-- \/ Yoast SEO plugin. -->","_links":{"self":[{"href":"https:\/\/calamark.es\/blog\/wp-json\/wp\/v2\/pages\/2500","targetHints":{"allow":["GET"]}}],"collection":[{"href":"https:\/\/calamark.es\/blog\/wp-json\/wp\/v2\/pages"}],"about":[{"href":"https:\/\/calamark.es\/blog\/wp-json\/wp\/v2\/types\/page"}],"author":[{"embeddable":true,"href":"https:\/\/calamark.es\/blog\/wp-json\/wp\/v2\/users\/2"}],"replies":[{"embeddable":true,"href":"https:\/\/calamark.es\/blog\/wp-json\/wp\/v2\/comments?post=2500"}],"version-history":[{"count":2,"href":"https:\/\/calamark.es\/blog\/wp-json\/wp\/v2\/pages\/2500\/revisions"}],"predecessor-version":[{"id":2808,"href":"https:\/\/calamark.es\/blog\/wp-json\/wp\/v2\/pages\/2500\/revisions\/2808"}],"wp:attachment":[{"href":"https:\/\/calamark.es\/blog\/wp-json\/wp\/v2\/media?parent=2500"}],"curies":[{"name":"wp","href":"https:\/\/api.w.org\/{rel}","templated":true}]}}